{"id":119,"date":"2025-11-11T18:11:09","date_gmt":"2025-11-11T17:11:09","guid":{"rendered":"https:\/\/animaction76.wordpress.com\/?page_id=119"},"modified":"2026-03-31T17:23:57","modified_gmt":"2026-03-31T15:23:57","slug":"randonnee","status":"publish","type":"page","link":"https:\/\/animaction.club\/index.php\/sports\/randonnee\/","title":{"rendered":"Randonn\u00e9e"},"content":{"rendered":"<div class=\"wp-block-image\">\n<figure class=\"aligncenter size-full is-resized\"><img loading=\"lazy\" decoding=\"async\" width=\"707\" height=\"750\" src=\"https:\/\/animaction.club\/wp-content\/uploads\/2025\/12\/Screenshot_20251211_181840_Drive-1.jpg\" alt=\"\" class=\"wp-image-529\" style=\"aspect-ratio:0.9426843764535635;width:478px;height:auto\" srcset=\"https:\/\/animaction.club\/wp-content\/uploads\/2025\/12\/Screenshot_20251211_181840_Drive-1.jpg 707w, https:\/\/animaction.club\/wp-content\/uploads\/2025\/12\/Screenshot_20251211_181840_Drive-1-283x300.jpg 283w\" sizes=\"auto, (max-width: 707px) 100vw, 707px\" \/><\/figure>\n<\/div>\n\n\n\n\n<figure class=\"wp-block-table is-style-regular has-medium-font-size\"><table style=\"border-style:none;border-width:0px\"><tbody><tr><td class=\"has-text-align-center\" data-align=\"center\"><strong>DESCRIPTIF<\/strong><\/td><td class=\"has-text-align-center\" data-align=\"center\"><\/td><td class=\"has-text-align-right\" data-align=\"right\"><\/td><\/tr><tr><td class=\"has-text-align-center\" data-align=\"center\">Notre activit\u00e9 rando compte 6 niveaux diff\u00e9rents.<\/td><td class=\"has-text-align-center\" data-align=\"center\"><\/td><td class=\"has-text-align-right\" data-align=\"right\"><\/td><\/tr><tr><td class=\"has-text-align-center\" data-align=\"center\">Du d\u00e9butant au confirm\u00e9, vous pouvez exercer votre activit\u00e9 <br>selon votre envie et votre forme du moment :<\/td><td class=\"has-text-align-center\" data-align=\"center\"><\/td><td class=\"has-text-align-right\" data-align=\"right\"><\/td><\/tr><tr><td class=\"has-text-align-center\" data-align=\"center\"><\/td><td class=\"has-text-align-center\" data-align=\"center\"><\/td><td class=\"has-text-align-right\" data-align=\"right\"><\/td><\/tr><tr><td class=\"has-text-align-center\" data-align=\"center\">&#8211; \u00ab\u00a0Petite Verte\u00a0\u00bb : environ 4km<br>&#8211; \u00ab\u00a0Moyenne Verte\u00a0\u00bb : 6 \u00e0 8km<br>&#8211; \u00ab\u00a0Grande Verte\u00a0\u00bb : 8 \u00e0 10km<br>&#8211; \u00ab\u00a0Jaune\u00a0\u00bb : 10 \u00e0 13km<br>&#8211; \u00ab\u00a0Bleue\u00a0\u00bb : 12 \u00e0 14km<br>&#8211; \u00ab\u00a0Rouge\u00a0\u00bb : 15 \u00e0 17km<\/td><td class=\"has-text-align-center\" data-align=\"center\"><\/td><td class=\"has-text-align-right\" data-align=\"right\"><\/td><\/tr><tr><td class=\"has-text-align-center\" data-align=\"center\"><\/td><td class=\"has-text-align-center\" data-align=\"center\"><\/td><td class=\"has-text-align-right\" data-align=\"right\"><\/td><\/tr><tr><td class=\"has-text-align-center\" data-align=\"center\"><\/td><td class=\"has-text-align-center\" data-align=\"center\"><\/td><td class=\"has-text-align-right\" data-align=\"right\"><\/td><\/tr><tr><td class=\"has-text-align-center\" data-align=\"center\"><strong>HORAIRES<\/strong><\/td><td class=\"has-text-align-center\" data-align=\"center\"><\/td><td class=\"has-text-align-right\" data-align=\"right\"><\/td><\/tr><tr><td class=\"has-text-align-center\" data-align=\"center\">Tous les mardis apr\u00e8s-midi<br>Pour plus d&rsquo;informations, <br>consultez le programme <br>trimestriel ci-dessous<br> ou se renseigner \u00e0 l&rsquo;accueil d&rsquo;Anim&rsquo;action.<\/td><td class=\"has-text-align-center\" data-align=\"center\"><\/td><td class=\"has-text-align-right\" data-align=\"right\"><\/td><\/tr><\/tbody><\/table><\/figure>\n\n\n\n<div data-wp-interactive=\"core\/file\" class=\"wp-block-file aligncenter\"><object data-wp-bind--hidden=\"!state.hasPdfPreview\" hidden class=\"wp-block-file__embed\" data=\"https:\/\/animaction.club\/wp-content\/uploads\/2026\/03\/Rando-2e-tr-2026-v-site-20-Mars-.pdf\" type=\"application\/pdf\" style=\"width:100%;height:720px\" aria-label=\"Contenu embarqu\u00e9 Rando 2\u00e8 tr 2026 - v site 20 Mars.\"><\/object><a id=\"wp-block-file--media-9dff009b-1c69-48c3-be84-25a202fc0a9e\" href=\"https:\/\/animaction.club\/wp-content\/uploads\/2026\/03\/Rando-2e-tr-2026-v-site-20-Mars-.pdf\">Rando 2\u00e8 tr 2026 &#8211; v site 20 Mars<\/a><a href=\"https:\/\/animaction.club\/wp-content\/uploads\/2026\/03\/Rando-2e-tr-2026-v-site-20-Mars-.pdf\" class=\"wp-block-file__button wp-element-button\" download aria-describedby=\"wp-block-file--media-9dff009b-1c69-48c3-be84-25a202fc0a9e\">T\u00e9l\u00e9charger<\/a><\/div>\n\n\n\n<hr class=\"wp-block-separator aligncenter has-alpha-channel-opacity\"\/>\n\n\n\n<div data-wp-interactive=\"core\/file\" class=\"wp-block-file aligncenter\"><object data-wp-bind--hidden=\"!state.hasPdfPreview\" hidden class=\"wp-block-file__embed\" data=\"https:\/\/animaction.club\/wp-content\/uploads\/2025\/12\/Randonner-en-toute-Securite-2021-.pdf\" type=\"application\/pdf\" style=\"width:100%;height:710px\" aria-label=\"Contenu embarqu\u00e9 Randonner en toute S\u00e9curit\u00e9 - 2021.\"><\/object><a id=\"wp-block-file--media-818411b0-c985-4497-b4cc-e1d67ea808a3\" href=\"https:\/\/animaction.club\/wp-content\/uploads\/2025\/12\/Randonner-en-toute-Securite-2021-.pdf\">Randonner en toute S\u00e9curit\u00e9 &#8211; 2021<\/a><a href=\"https:\/\/animaction.club\/wp-content\/uploads\/2025\/12\/Randonner-en-toute-Securite-2021-.pdf\" class=\"wp-block-file__button wp-element-button\" download aria-describedby=\"wp-block-file--media-818411b0-c985-4497-b4cc-e1d67ea808a3\">T\u00e9l\u00e9charger<\/a><\/div>\n\n\n\n<p><\/p>\n","protected":false},"excerpt":{"rendered":"<p>DESCRIPTIF Notre activit\u00e9 rando compte 6 niveaux diff\u00e9rents. Du d\u00e9butant au confirm\u00e9, vous pouvez exercer votre activit\u00e9 selon votre envie et votre forme du moment : &#8211; \u00ab\u00a0Petite Verte\u00a0\u00bb : environ 4km&#8211; \u00ab\u00a0Moyenne Verte\u00a0\u00bb : 6 \u00e0 8km&#8211; \u00ab\u00a0Grande Verte\u00a0\u00bb : 8 \u00e0 10km&#8211; \u00ab\u00a0Jaune\u00a0\u00bb : 10 \u00e0 13km&#8211; \u00ab\u00a0Bleue\u00a0\u00bb : 12 \u00e0 14km&#8211; \u00ab\u00a0Rouge\u00a0\u00bb [&hellip;]<\/p>\n","protected":false},"author":1,"featured_media":0,"parent":201,"menu_order":0,"comment_status":"closed","ping_status":"closed","template":"","meta":{"ocean_post_layout":"","ocean_both_sidebars_style":"","ocean_both_sidebars_content_width":0,"ocean_both_sidebars_sidebars_width":0,"ocean_sidebar":"","ocean_second_sidebar":"","ocean_disable_margins":"enable","ocean_add_body_class":"","ocean_shortcode_before_top_bar":"","ocean_shortcode_after_top_bar":"","ocean_shortcode_before_header":"","ocean_shortcode_after_header":"","ocean_has_shortcode":"","ocean_shortcode_after_title":"","ocean_shortcode_before_footer_widgets":"","ocean_shortcode_after_footer_widgets":"","ocean_shortcode_before_footer_bottom":"","ocean_shortcode_after_footer_bottom":"","ocean_display_top_bar":"default","ocean_display_header":"default","ocean_header_style":"","ocean_center_header_left_menu":"","ocean_custom_header_template":"","ocean_custom_logo":0,"ocean_custom_retina_logo":0,"ocean_custom_logo_max_width":0,"ocean_custom_logo_tablet_max_width":0,"ocean_custom_logo_mobile_max_width":0,"ocean_custom_logo_max_height":0,"ocean_custom_logo_tablet_max_height":0,"ocean_custom_logo_mobile_max_height":0,"ocean_header_custom_menu":"","ocean_menu_typo_font_family":"","ocean_menu_typo_font_subset":"","ocean_menu_typo_font_size":0,"ocean_menu_typo_font_size_tablet":0,"ocean_menu_typo_font_size_mobile":0,"ocean_menu_typo_font_size_unit":"px","ocean_menu_typo_font_weight":"","ocean_menu_typo_font_weight_tablet":"","ocean_menu_typo_font_weight_mobile":"","ocean_menu_typo_transform":"","ocean_menu_typo_transform_tablet":"","ocean_menu_typo_transform_mobile":"","ocean_menu_typo_line_height":0,"ocean_menu_typo_line_height_tablet":0,"ocean_menu_typo_line_height_mobile":0,"ocean_menu_typo_line_height_unit":"","ocean_menu_typo_spacing":0,"ocean_menu_typo_spacing_tablet":0,"ocean_menu_typo_spacing_mobile":0,"ocean_menu_typo_spacing_unit":"","ocean_menu_link_color":"","ocean_menu_link_color_hover":"","ocean_menu_link_color_active":"","ocean_menu_link_background":"","ocean_menu_link_hover_background":"","ocean_menu_link_active_background":"","ocean_menu_social_links_bg":"","ocean_menu_social_hover_links_bg":"","ocean_menu_social_links_color":"","ocean_menu_social_hover_links_color":"","ocean_disable_title":"default","ocean_disable_heading":"default","ocean_post_title":"","ocean_post_subheading":"","ocean_post_title_style":"","ocean_post_title_background_color":"","ocean_post_title_background":0,"ocean_post_title_bg_image_position":"","ocean_post_title_bg_image_attachment":"","ocean_post_title_bg_image_repeat":"","ocean_post_title_bg_image_size":"","ocean_post_title_height":0,"ocean_post_title_bg_overlay":0.5,"ocean_post_title_bg_overlay_color":"","ocean_disable_breadcrumbs":"default","ocean_breadcrumbs_color":"","ocean_breadcrumbs_separator_color":"","ocean_breadcrumbs_links_color":"","ocean_breadcrumbs_links_hover_color":"","ocean_display_footer_widgets":"default","ocean_display_footer_bottom":"default","ocean_custom_footer_template":"","footnotes":""},"class_list":["post-119","page","type-page","status-publish","hentry","entry"],"_links":{"self":[{"href":"https:\/\/animaction.club\/index.php\/wp-json\/wp\/v2\/pages\/119","targetHints":{"allow":["GET"]}}],"collection":[{"href":"https:\/\/animaction.club\/index.php\/wp-json\/wp\/v2\/pages"}],"about":[{"href":"https:\/\/animaction.club\/index.php\/wp-json\/wp\/v2\/types\/page"}],"author":[{"embeddable":true,"href":"https:\/\/animaction.club\/index.php\/wp-json\/wp\/v2\/users\/1"}],"replies":[{"embeddable":true,"href":"https:\/\/animaction.club\/index.php\/wp-json\/wp\/v2\/comments?post=119"}],"version-history":[{"count":32,"href":"https:\/\/animaction.club\/index.php\/wp-json\/wp\/v2\/pages\/119\/revisions"}],"predecessor-version":[{"id":1278,"href":"https:\/\/animaction.club\/index.php\/wp-json\/wp\/v2\/pages\/119\/revisions\/1278"}],"up":[{"embeddable":true,"href":"https:\/\/animaction.club\/index.php\/wp-json\/wp\/v2\/pages\/201"}],"wp:attachment":[{"href":"https:\/\/animaction.club\/index.php\/wp-json\/wp\/v2\/media?parent=119"}],"curies":[{"name":"wp","href":"https:\/\/api.w.org\/{rel}","templated":true}]}}