{"id":382,"date":"2025-11-15T19:00:12","date_gmt":"2025-11-15T18:00:12","guid":{"rendered":"https:\/\/animaction76.wordpress.com\/?page_id=382"},"modified":"2026-04-28T20:09:41","modified_gmt":"2026-04-28T18:09:41","slug":"voyages-2","status":"publish","type":"page","link":"https:\/\/animaction.club\/index.php\/voyages-2\/","title":{"rendered":"VOYAGES"},"content":{"rendered":"<div class=\"wp-block-image\">\n<figure class=\"aligncenter size-full is-resized\"><img loading=\"lazy\" decoding=\"async\" width=\"984\" height=\"932\" src=\"https:\/\/animaction.club\/wp-content\/uploads\/2026\/01\/voyages.jpg\" alt=\"\" class=\"wp-image-1011\" style=\"aspect-ratio:1.055827854154214;width:472px;height:auto\" srcset=\"https:\/\/animaction.club\/wp-content\/uploads\/2026\/01\/voyages.jpg 984w, https:\/\/animaction.club\/wp-content\/uploads\/2026\/01\/voyages-300x284.jpg 300w, https:\/\/animaction.club\/wp-content\/uploads\/2026\/01\/voyages-768x727.jpg 768w\" sizes=\"auto, (max-width: 984px) 100vw, 984px\" \/><\/figure>\n<\/div>\n\n\n<figure class=\"wp-block-table has-medium-font-size\"><table class=\"has-border-color has-white-border-color has-fixed-layout\"><tbody><tr><td class=\"has-text-align-center\" data-align=\"center\"><strong>DESCRIPTIF<\/strong><\/td><\/tr><tr><td class=\"has-text-align-center\" data-align=\"center\">Nous vous proposons, dans l&rsquo;ann\u00e9e, plusieurs voyages organis\u00e9s, <br>\u00e0 des tarifs avantageux.<\/td><\/tr><tr><td class=\"has-text-align-center\" data-align=\"center\"><\/td><\/tr><tr><td class=\"has-text-align-center\" data-align=\"center\"><strong>HORAIRES<\/strong><\/td><\/tr><tr><td class=\"has-text-align-center\" data-align=\"center\">Pour tout renseignement ou inscription,<br>venez nous rencontrer aux heures de permanence.<\/td><\/tr><\/tbody><\/table><\/figure>\n\n\n\n<p class=\"has-text-align-center has-medium-font-size\">permanence voyages les jeudis de 14h30 \u00e0 16h30 dans nos locaux.<\/p>\n\n\n\n<hr class=\"wp-block-separator has-alpha-channel-opacity\"\/>\n\n\n\n<div data-wp-interactive=\"core\/file\" class=\"wp-block-file aligncenter\"><object data-wp-bind--hidden=\"!state.hasPdfPreview\" hidden class=\"wp-block-file__embed\" data=\"https:\/\/animaction.club\/wp-content\/uploads\/2026\/04\/2026-05-20-Reunion-info-Grece.pdf\" type=\"application\/pdf\" style=\"width:100%;height:1130px\" aria-label=\"Contenu embarqu\u00e9 2026 05 20 R\u00e9union info Gr\u00e8ce.\"><\/object><a id=\"wp-block-file--media-4ae69924-ea4b-4b16-a7f4-b1649e156333\" href=\"https:\/\/animaction.club\/wp-content\/uploads\/2026\/04\/2026-05-20-Reunion-info-Grece.pdf\">2026 05 20 R\u00e9union info Gr\u00e8ce<\/a><a href=\"https:\/\/animaction.club\/wp-content\/uploads\/2026\/04\/2026-05-20-Reunion-info-Grece.pdf\" class=\"wp-block-file__button wp-element-button\" download aria-describedby=\"wp-block-file--media-4ae69924-ea4b-4b16-a7f4-b1649e156333\">T\u00e9l\u00e9charger<\/a><\/div>\n\n\n\n<hr class=\"wp-block-separator has-alpha-channel-opacity\"\/>\n\n\n\n<div data-wp-interactive=\"core\/file\" class=\"wp-block-file aligncenter\"><object data-wp-bind--hidden=\"!state.hasPdfPreview\" hidden class=\"wp-block-file__embed\" data=\"https:\/\/animaction.club\/wp-content\/uploads\/2026\/02\/2026-2027-voyages.pdf\" type=\"application\/pdf\" style=\"width:100%;height:1210px\" aria-label=\"Contenu embarqu\u00e9 2026-2027-voyages.\"><\/object><a id=\"wp-block-file--media-850690ce-c1ad-4f20-8f62-e75326af99c2\" href=\"https:\/\/animaction.club\/wp-content\/uploads\/2026\/02\/2026-2027-voyages.pdf\">2026-2027-voyages<\/a><a href=\"https:\/\/animaction.club\/wp-content\/uploads\/2026\/02\/2026-2027-voyages.pdf\" class=\"wp-block-file__button wp-element-button\" download aria-describedby=\"wp-block-file--media-850690ce-c1ad-4f20-8f62-e75326af99c2\">T\u00e9l\u00e9charger<\/a><\/div>\n\n\n\n<p class=\"has-text-align-center has-medium-font-size\"><strong>Voyage Gr\u00e8ce<\/strong> <strong>et Albanie<\/strong> <strong>complets<\/strong><\/p>\n\n\n\n<hr class=\"wp-block-separator has-alpha-channel-opacity\"\/>\n\n\n\n<div data-wp-interactive=\"core\/file\" class=\"wp-block-file aligncenter\"><object data-wp-bind--hidden=\"!state.hasPdfPreview\" hidden class=\"wp-block-file__embed\" data=\"https:\/\/animaction.club\/wp-content\/uploads\/2026\/02\/2027-voyage-Bali.pdf\" type=\"application\/pdf\" style=\"width:100%;height:1210px\" aria-label=\"Contenu embarqu\u00e9 2027 voyage Bali.\"><\/object><a id=\"wp-block-file--media-55c1114f-89bb-4960-9c7f-901671983027\" href=\"https:\/\/animaction.club\/wp-content\/uploads\/2026\/02\/2027-voyage-Bali.pdf\">2027 voyage Bali<\/a><a href=\"https:\/\/animaction.club\/wp-content\/uploads\/2026\/02\/2027-voyage-Bali.pdf\" class=\"wp-block-file__button wp-element-button\" download aria-describedby=\"wp-block-file--media-55c1114f-89bb-4960-9c7f-901671983027\">T\u00e9l\u00e9charger<\/a><\/div>\n\n\n\n<hr class=\"wp-block-separator has-alpha-channel-opacity\"\/>\n\n\n\n<div data-wp-interactive=\"core\/file\" class=\"wp-block-file aligncenter\"><object data-wp-bind--hidden=\"!state.hasPdfPreview\" hidden class=\"wp-block-file__embed\" data=\"https:\/\/animaction.club\/wp-content\/uploads\/2026\/04\/Depart-car-champ-de-foire-Elbeuf.pdf\" type=\"application\/pdf\" style=\"width:100%;height:600px\" aria-label=\"Contenu embarqu\u00e9 Depart car champ de foire Elbeuf.\"><\/object><a id=\"wp-block-file--media-bc4d81cc-dd1e-48c2-838b-7511a2369e48\" href=\"https:\/\/animaction.club\/wp-content\/uploads\/2026\/04\/Depart-car-champ-de-foire-Elbeuf.pdf\">Depart car champ de foire Elbeuf<\/a><a href=\"https:\/\/animaction.club\/wp-content\/uploads\/2026\/04\/Depart-car-champ-de-foire-Elbeuf.pdf\" class=\"wp-block-file__button wp-element-button\" download aria-describedby=\"wp-block-file--media-bc4d81cc-dd1e-48c2-838b-7511a2369e48\">T\u00e9l\u00e9charger<\/a><\/div>\n\n\n\n<hr class=\"wp-block-separator has-alpha-channel-opacity\"\/>\n\n\n\n<p><\/p>\n","protected":false},"excerpt":{"rendered":"<p>DESCRIPTIF Nous vous proposons, dans l&rsquo;ann\u00e9e, plusieurs voyages organis\u00e9s, \u00e0 des tarifs avantageux. HORAIRES Pour tout renseignement ou inscription,venez nous rencontrer aux heures de permanence. permanence voyages les jeudis de 14h30 \u00e0 16h30 dans nos locaux. Voyage Gr\u00e8ce et Albanie complets<\/p>\n","protected":false},"author":1,"featured_media":0,"parent":0,"menu_order":0,"comment_status":"closed","ping_status":"closed","template":"","meta":{"ocean_post_layout":"","ocean_both_sidebars_style":"","ocean_both_sidebars_content_width":0,"ocean_both_sidebars_sidebars_width":0,"ocean_sidebar":"","ocean_second_sidebar":"","ocean_disable_margins":"enable","ocean_add_body_class":"","ocean_shortcode_before_top_bar":"","ocean_shortcode_after_top_bar":"","ocean_shortcode_before_header":"","ocean_shortcode_after_header":"","ocean_has_shortcode":"","ocean_shortcode_after_title":"","ocean_shortcode_before_footer_widgets":"","ocean_shortcode_after_footer_widgets":"","ocean_shortcode_before_footer_bottom":"","ocean_shortcode_after_footer_bottom":"","ocean_display_top_bar":"default","ocean_display_header":"default","ocean_header_style":"","ocean_center_header_left_menu":"","ocean_custom_header_template":"","ocean_custom_logo":0,"ocean_custom_retina_logo":0,"ocean_custom_logo_max_width":0,"ocean_custom_logo_tablet_max_width":0,"ocean_custom_logo_mobile_max_width":0,"ocean_custom_logo_max_height":0,"ocean_custom_logo_tablet_max_height":0,"ocean_custom_logo_mobile_max_height":0,"ocean_header_custom_menu":"","ocean_menu_typo_font_family":"","ocean_menu_typo_font_subset":"","ocean_menu_typo_font_size":0,"ocean_menu_typo_font_size_tablet":0,"ocean_menu_typo_font_size_mobile":0,"ocean_menu_typo_font_size_unit":"px","ocean_menu_typo_font_weight":"","ocean_menu_typo_font_weight_tablet":"","ocean_menu_typo_font_weight_mobile":"","ocean_menu_typo_transform":"","ocean_menu_typo_transform_tablet":"","ocean_menu_typo_transform_mobile":"","ocean_menu_typo_line_height":0,"ocean_menu_typo_line_height_tablet":0,"ocean_menu_typo_line_height_mobile":0,"ocean_menu_typo_line_height_unit":"","ocean_menu_typo_spacing":0,"ocean_menu_typo_spacing_tablet":0,"ocean_menu_typo_spacing_mobile":0,"ocean_menu_typo_spacing_unit":"","ocean_menu_link_color":"","ocean_menu_link_color_hover":"","ocean_menu_link_color_active":"","ocean_menu_link_background":"","ocean_menu_link_hover_background":"","ocean_menu_link_active_background":"","ocean_menu_social_links_bg":"","ocean_menu_social_hover_links_bg":"","ocean_menu_social_links_color":"","ocean_menu_social_hover_links_color":"","ocean_disable_title":"default","ocean_disable_heading":"default","ocean_post_title":"","ocean_post_subheading":"","ocean_post_title_style":"","ocean_post_title_background_color":"","ocean_post_title_background":0,"ocean_post_title_bg_image_position":"","ocean_post_title_bg_image_attachment":"","ocean_post_title_bg_image_repeat":"","ocean_post_title_bg_image_size":"","ocean_post_title_height":0,"ocean_post_title_bg_overlay":0.5,"ocean_post_title_bg_overlay_color":"","ocean_disable_breadcrumbs":"default","ocean_breadcrumbs_color":"","ocean_breadcrumbs_separator_color":"","ocean_breadcrumbs_links_color":"","ocean_breadcrumbs_links_hover_color":"","ocean_display_footer_widgets":"default","ocean_display_footer_bottom":"default","ocean_custom_footer_template":"","footnotes":""},"class_list":["post-382","page","type-page","status-publish","hentry","entry"],"_links":{"self":[{"href":"https:\/\/animaction.club\/index.php\/wp-json\/wp\/v2\/pages\/382","targetHints":{"allow":["GET"]}}],"collection":[{"href":"https:\/\/animaction.club\/index.php\/wp-json\/wp\/v2\/pages"}],"about":[{"href":"https:\/\/animaction.club\/index.php\/wp-json\/wp\/v2\/types\/page"}],"author":[{"embeddable":true,"href":"https:\/\/animaction.club\/index.php\/wp-json\/wp\/v2\/users\/1"}],"replies":[{"embeddable":true,"href":"https:\/\/animaction.club\/index.php\/wp-json\/wp\/v2\/comments?post=382"}],"version-history":[{"count":15,"href":"https:\/\/animaction.club\/index.php\/wp-json\/wp\/v2\/pages\/382\/revisions"}],"predecessor-version":[{"id":1323,"href":"https:\/\/animaction.club\/index.php\/wp-json\/wp\/v2\/pages\/382\/revisions\/1323"}],"wp:attachment":[{"href":"https:\/\/animaction.club\/index.php\/wp-json\/wp\/v2\/media?parent=382"}],"curies":[{"name":"wp","href":"https:\/\/api.w.org\/{rel}","templated":true}]}}