{"id":494,"date":"2025-12-08T21:38:02","date_gmt":"2025-12-08T20:38:02","guid":{"rendered":"https:\/\/animaction.club\/?page_id=494"},"modified":"2026-04-24T23:05:23","modified_gmt":"2026-04-24T21:05:23","slug":"festivites","status":"publish","type":"page","link":"https:\/\/animaction.club\/index.php\/festivites\/","title":{"rendered":"FESTIVITES"},"content":{"rendered":"<div class=\"wp-block-image\">\n<figure class=\"aligncenter size-full is-resized\"><img loading=\"lazy\" decoding=\"async\" width=\"847\" height=\"539\" src=\"https:\/\/animaction.club\/wp-content\/uploads\/2026\/01\/IMG-20260116-WA0009.jpg\" alt=\"\" class=\"wp-image-1016\" style=\"aspect-ratio:1.571470330312774;width:473px;height:auto\" srcset=\"https:\/\/animaction.club\/wp-content\/uploads\/2026\/01\/IMG-20260116-WA0009.jpg 847w, https:\/\/animaction.club\/wp-content\/uploads\/2026\/01\/IMG-20260116-WA0009-300x191.jpg 300w, https:\/\/animaction.club\/wp-content\/uploads\/2026\/01\/IMG-20260116-WA0009-768x489.jpg 768w\" sizes=\"auto, (max-width: 847px) 100vw, 847px\" \/><\/figure>\n<\/div>\n\n\n<figure class=\"wp-block-table has-medium-font-size\"><table class=\"has-border-color has-white-border-color has-fixed-layout\"><tbody><tr><td class=\"has-text-align-center\" data-align=\"center\"><strong>DESCRIPTIF<\/strong><\/td><\/tr><tr><td class=\"has-text-align-center\" data-align=\"center\">Nous vous proposons plusieurs \u00e9v\u00e9nements, tels que des concerts, <br>expos, pi\u00e8ces de th\u00e9\u00e2tre, repas \u00e0 th\u00e8mes, galette des rois, &#8230; <br>Tout au long de l&rsquo;ann\u00e9e et toujours dans la bonne humeur et la convivialit\u00e9.<\/td><\/tr><tr><td class=\"has-text-align-center\" data-align=\"center\"><\/td><\/tr><tr><td class=\"has-text-align-center\" data-align=\"center\"><strong>HORAIRES<\/strong><\/td><\/tr><tr><td class=\"has-text-align-center\" data-align=\"center\">Pour tout renseignement ou inscription,<br>venez nous rencontrer aux heures de permanence.<\/td><\/tr><\/tbody><\/table><\/figure>\n\n\n\n<hr class=\"wp-block-separator has-alpha-channel-opacity\"\/>\n\n\n\n<div data-wp-interactive=\"core\/file\" class=\"wp-block-file aligncenter\"><object data-wp-bind--hidden=\"!state.hasPdfPreview\" hidden class=\"wp-block-file__embed\" data=\"https:\/\/animaction.club\/wp-content\/uploads\/2026\/02\/2026-05-30-Ferrat-1.pdf\" type=\"application\/pdf\" style=\"width:100%;height:1220px\" aria-label=\"Contenu embarqu\u00e9 2026 05 30 Ferrat.\"><\/object><a id=\"wp-block-file--media-0873f184-34a4-47f1-b464-63ba1ab21cad\" href=\"https:\/\/animaction.club\/wp-content\/uploads\/2026\/02\/2026-05-30-Ferrat-1.pdf\">2026 05 30 Ferrat<\/a><a href=\"https:\/\/animaction.club\/wp-content\/uploads\/2026\/02\/2026-05-30-Ferrat-1.pdf\" class=\"wp-block-file__button wp-element-button\" download aria-describedby=\"wp-block-file--media-0873f184-34a4-47f1-b464-63ba1ab21cad\">T\u00e9l\u00e9charger<\/a><\/div>\n\n\n\n<hr class=\"wp-block-separator has-alpha-channel-opacity\"\/>\n\n\n\n<div data-wp-interactive=\"core\/file\" class=\"wp-block-file aligncenter\"><object data-wp-bind--hidden=\"!state.hasPdfPreview\" hidden class=\"wp-block-file__embed\" data=\"https:\/\/animaction.club\/wp-content\/uploads\/2026\/04\/2026-06-11-Barbecue-1-1.pdf\" type=\"application\/pdf\" style=\"width:100%;height:600px\" aria-label=\"Contenu embarqu\u00e9 2026 06 11 Barbecue.\"><\/object><a id=\"wp-block-file--media-5c59c748-2bcf-4c77-964f-f86fbec43d05\" href=\"https:\/\/animaction.club\/wp-content\/uploads\/2026\/04\/2026-06-11-Barbecue-1-1.pdf\">2026 06 11 Barbecue<\/a><a href=\"https:\/\/animaction.club\/wp-content\/uploads\/2026\/04\/2026-06-11-Barbecue-1-1.pdf\" class=\"wp-block-file__button wp-element-button\" download aria-describedby=\"wp-block-file--media-5c59c748-2bcf-4c77-964f-f86fbec43d05\">T\u00e9l\u00e9charger<\/a><\/div>\n\n\n\n<hr class=\"wp-block-separator has-alpha-channel-opacity\"\/>\n","protected":false},"excerpt":{"rendered":"<p>DESCRIPTIF Nous vous proposons plusieurs \u00e9v\u00e9nements, tels que des concerts, expos, pi\u00e8ces de th\u00e9\u00e2tre, repas \u00e0 th\u00e8mes, galette des rois, &#8230; Tout au long de l&rsquo;ann\u00e9e et toujours dans la bonne humeur et la convivialit\u00e9. HORAIRES Pour tout renseignement ou inscription,venez nous rencontrer aux heures de permanence.<\/p>\n","protected":false},"author":1,"featured_media":0,"parent":0,"menu_order":0,"comment_status":"closed","ping_status":"closed","template":"","meta":{"ocean_post_layout":"","ocean_both_sidebars_style":"","ocean_both_sidebars_content_width":0,"ocean_both_sidebars_sidebars_width":0,"ocean_sidebar":"","ocean_second_sidebar":"","ocean_disable_margins":"enable","ocean_add_body_class":"","ocean_shortcode_before_top_bar":"","ocean_shortcode_after_top_bar":"","ocean_shortcode_before_header":"","ocean_shortcode_after_header":"","ocean_has_shortcode":"","ocean_shortcode_after_title":"","ocean_shortcode_before_footer_widgets":"","ocean_shortcode_after_footer_widgets":"","ocean_shortcode_before_footer_bottom":"","ocean_shortcode_after_footer_bottom":"","ocean_display_top_bar":"default","ocean_display_header":"default","ocean_header_style":"","ocean_center_header_left_menu":"","ocean_custom_header_template":"","ocean_custom_logo":0,"ocean_custom_retina_logo":0,"ocean_custom_logo_max_width":0,"ocean_custom_logo_tablet_max_width":0,"ocean_custom_logo_mobile_max_width":0,"ocean_custom_logo_max_height":0,"ocean_custom_logo_tablet_max_height":0,"ocean_custom_logo_mobile_max_height":0,"ocean_header_custom_menu":"","ocean_menu_typo_font_family":"","ocean_menu_typo_font_subset":"","ocean_menu_typo_font_size":0,"ocean_menu_typo_font_size_tablet":0,"ocean_menu_typo_font_size_mobile":0,"ocean_menu_typo_font_size_unit":"px","ocean_menu_typo_font_weight":"","ocean_menu_typo_font_weight_tablet":"","ocean_menu_typo_font_weight_mobile":"","ocean_menu_typo_transform":"","ocean_menu_typo_transform_tablet":"","ocean_menu_typo_transform_mobile":"","ocean_menu_typo_line_height":0,"ocean_menu_typo_line_height_tablet":0,"ocean_menu_typo_line_height_mobile":0,"ocean_menu_typo_line_height_unit":"","ocean_menu_typo_spacing":0,"ocean_menu_typo_spacing_tablet":0,"ocean_menu_typo_spacing_mobile":0,"ocean_menu_typo_spacing_unit":"","ocean_menu_link_color":"","ocean_menu_link_color_hover":"","ocean_menu_link_color_active":"","ocean_menu_link_background":"","ocean_menu_link_hover_background":"","ocean_menu_link_active_background":"","ocean_menu_social_links_bg":"","ocean_menu_social_hover_links_bg":"","ocean_menu_social_links_color":"","ocean_menu_social_hover_links_color":"","ocean_disable_title":"default","ocean_disable_heading":"default","ocean_post_title":"","ocean_post_subheading":"","ocean_post_title_style":"","ocean_post_title_background_color":"","ocean_post_title_background":0,"ocean_post_title_bg_image_position":"","ocean_post_title_bg_image_attachment":"","ocean_post_title_bg_image_repeat":"","ocean_post_title_bg_image_size":"","ocean_post_title_height":0,"ocean_post_title_bg_overlay":0.5,"ocean_post_title_bg_overlay_color":"","ocean_disable_breadcrumbs":"default","ocean_breadcrumbs_color":"","ocean_breadcrumbs_separator_color":"","ocean_breadcrumbs_links_color":"","ocean_breadcrumbs_links_hover_color":"","ocean_display_footer_widgets":"default","ocean_display_footer_bottom":"default","ocean_custom_footer_template":"","footnotes":""},"class_list":["post-494","page","type-page","status-publish","hentry","entry"],"_links":{"self":[{"href":"https:\/\/animaction.club\/index.php\/wp-json\/wp\/v2\/pages\/494","targetHints":{"allow":["GET"]}}],"collection":[{"href":"https:\/\/animaction.club\/index.php\/wp-json\/wp\/v2\/pages"}],"about":[{"href":"https:\/\/animaction.club\/index.php\/wp-json\/wp\/v2\/types\/page"}],"author":[{"embeddable":true,"href":"https:\/\/animaction.club\/index.php\/wp-json\/wp\/v2\/users\/1"}],"replies":[{"embeddable":true,"href":"https:\/\/animaction.club\/index.php\/wp-json\/wp\/v2\/comments?post=494"}],"version-history":[{"count":17,"href":"https:\/\/animaction.club\/index.php\/wp-json\/wp\/v2\/pages\/494\/revisions"}],"predecessor-version":[{"id":1317,"href":"https:\/\/animaction.club\/index.php\/wp-json\/wp\/v2\/pages\/494\/revisions\/1317"}],"wp:attachment":[{"href":"https:\/\/animaction.club\/index.php\/wp-json\/wp\/v2\/media?parent=494"}],"curies":[{"name":"wp","href":"https:\/\/api.w.org\/{rel}","templated":true}]}}