{"id":724,"date":"2025-12-21T12:16:52","date_gmt":"2025-12-21T11:16:52","guid":{"rendered":"https:\/\/animaction.club\/?page_id=724"},"modified":"2026-01-04T11:34:48","modified_gmt":"2026-01-04T10:34:48","slug":"contact","status":"publish","type":"page","link":"https:\/\/animaction.club\/index.php\/contact\/","title":{"rendered":"CONTACT"},"content":{"rendered":"\n<figure class=\"wp-block-table has-medium-font-size\"><table class=\"has-border-color has-white-border-color has-fixed-layout\"><tbody><tr><td class=\"has-text-align-center\" data-align=\"center\"><img loading=\"lazy\" decoding=\"async\" width=\"20\" height=\"19\" class=\"wp-image-799\" style=\"width: 20px;\" src=\"https:\/\/animaction.club\/wp-content\/uploads\/2025\/12\/maison.jpg\" alt=\"\" srcset=\"https:\/\/animaction.club\/wp-content\/uploads\/2025\/12\/maison.jpg 258w, https:\/\/animaction.club\/wp-content\/uploads\/2025\/12\/maison-150x150.jpg 150w\" sizes=\"auto, (max-width: 20px) 100vw, 20px\" \/> Anim&rsquo;action<br>2 Rue Pasteur Roehrich<br>76500 Elbeuf sur Seine<br><img decoding=\"async\" class=\"wp-image-804\" style=\"width: 30px;\" src=\"https:\/\/animaction.club\/wp-content\/uploads\/2025\/12\/telephone-2.jpg\" alt=\"\"> 02 76 68 31 31<br><img loading=\"lazy\" decoding=\"async\" width=\"30\" height=\"20\" class=\"wp-image-806\" style=\"width: 30px;\" src=\"https:\/\/animaction.club\/wp-content\/uploads\/2025\/12\/enveloppe.jpg\" alt=\"\" srcset=\"https:\/\/animaction.club\/wp-content\/uploads\/2025\/12\/enveloppe.jpg 304w, https:\/\/animaction.club\/wp-content\/uploads\/2025\/12\/enveloppe-300x198.jpg 300w\" sizes=\"auto, (max-width: 30px) 100vw, 30px\" \/> animaction76@gmail.com<\/td><\/tr><tr><td class=\"has-text-align-center\" data-align=\"center\"><\/td><\/tr><tr><td class=\"has-text-align-center\" data-align=\"center\">le lundi de 14h30 \u00e0 16h30<br>et<br>et du mardi au vendredi<br>de 10h \u00e0 12h<br>et de 14h30 \u00e0 16h30<\/td><\/tr><\/tbody><\/table><\/figure>\n\n\n\n\n\n\n\n\n\n\n\n\n\n<p class=\"has-text-align-left\"><\/p>\n\n\n\n<p><\/p>\n","protected":false},"excerpt":{"rendered":"<p>Anim&rsquo;action2 Rue Pasteur Roehrich76500 Elbeuf sur Seine 02 76 68 31 31 animaction76@gmail.com le lundi de 14h30 \u00e0 16h30etet du mardi au vendredide 10h \u00e0 12het de 14h30 \u00e0 16h30<\/p>\n","protected":false},"author":1,"featured_media":0,"parent":0,"menu_order":0,"comment_status":"closed","ping_status":"closed","template":"","meta":{"ocean_post_layout":"","ocean_both_sidebars_style":"","ocean_both_sidebars_content_width":0,"ocean_both_sidebars_sidebars_width":0,"ocean_sidebar":"","ocean_second_sidebar":"","ocean_disable_margins":"enable","ocean_add_body_class":"","ocean_shortcode_before_top_bar":"","ocean_shortcode_after_top_bar":"","ocean_shortcode_before_header":"","ocean_shortcode_after_header":"","ocean_has_shortcode":"","ocean_shortcode_after_title":"","ocean_shortcode_before_footer_widgets":"","ocean_shortcode_after_footer_widgets":"","ocean_shortcode_before_footer_bottom":"","ocean_shortcode_after_footer_bottom":"","ocean_display_top_bar":"default","ocean_display_header":"default","ocean_header_style":"","ocean_center_header_left_menu":"","ocean_custom_header_template":"","ocean_custom_logo":0,"ocean_custom_retina_logo":0,"ocean_custom_logo_max_width":0,"ocean_custom_logo_tablet_max_width":0,"ocean_custom_logo_mobile_max_width":0,"ocean_custom_logo_max_height":0,"ocean_custom_logo_tablet_max_height":0,"ocean_custom_logo_mobile_max_height":0,"ocean_header_custom_menu":"","ocean_menu_typo_font_family":"","ocean_menu_typo_font_subset":"","ocean_menu_typo_font_size":0,"ocean_menu_typo_font_size_tablet":0,"ocean_menu_typo_font_size_mobile":0,"ocean_menu_typo_font_size_unit":"px","ocean_menu_typo_font_weight":"","ocean_menu_typo_font_weight_tablet":"","ocean_menu_typo_font_weight_mobile":"","ocean_menu_typo_transform":"","ocean_menu_typo_transform_tablet":"","ocean_menu_typo_transform_mobile":"","ocean_menu_typo_line_height":0,"ocean_menu_typo_line_height_tablet":0,"ocean_menu_typo_line_height_mobile":0,"ocean_menu_typo_line_height_unit":"","ocean_menu_typo_spacing":0,"ocean_menu_typo_spacing_tablet":0,"ocean_menu_typo_spacing_mobile":0,"ocean_menu_typo_spacing_unit":"","ocean_menu_link_color":"","ocean_menu_link_color_hover":"","ocean_menu_link_color_active":"","ocean_menu_link_background":"","ocean_menu_link_hover_background":"","ocean_menu_link_active_background":"","ocean_menu_social_links_bg":"","ocean_menu_social_hover_links_bg":"","ocean_menu_social_links_color":"","ocean_menu_social_hover_links_color":"","ocean_disable_title":"default","ocean_disable_heading":"default","ocean_post_title":"","ocean_post_subheading":"","ocean_post_title_style":"","ocean_post_title_background_color":"","ocean_post_title_background":0,"ocean_post_title_bg_image_position":"","ocean_post_title_bg_image_attachment":"","ocean_post_title_bg_image_repeat":"","ocean_post_title_bg_image_size":"","ocean_post_title_height":0,"ocean_post_title_bg_overlay":0.5,"ocean_post_title_bg_overlay_color":"","ocean_disable_breadcrumbs":"default","ocean_breadcrumbs_color":"","ocean_breadcrumbs_separator_color":"","ocean_breadcrumbs_links_color":"","ocean_breadcrumbs_links_hover_color":"","ocean_display_footer_widgets":"default","ocean_display_footer_bottom":"default","ocean_custom_footer_template":"","footnotes":""},"class_list":["post-724","page","type-page","status-publish","hentry","entry"],"_links":{"self":[{"href":"https:\/\/animaction.club\/index.php\/wp-json\/wp\/v2\/pages\/724","targetHints":{"allow":["GET"]}}],"collection":[{"href":"https:\/\/animaction.club\/index.php\/wp-json\/wp\/v2\/pages"}],"about":[{"href":"https:\/\/animaction.club\/index.php\/wp-json\/wp\/v2\/types\/page"}],"author":[{"embeddable":true,"href":"https:\/\/animaction.club\/index.php\/wp-json\/wp\/v2\/users\/1"}],"replies":[{"embeddable":true,"href":"https:\/\/animaction.club\/index.php\/wp-json\/wp\/v2\/comments?post=724"}],"version-history":[{"count":12,"href":"https:\/\/animaction.club\/index.php\/wp-json\/wp\/v2\/pages\/724\/revisions"}],"predecessor-version":[{"id":888,"href":"https:\/\/animaction.club\/index.php\/wp-json\/wp\/v2\/pages\/724\/revisions\/888"}],"wp:attachment":[{"href":"https:\/\/animaction.club\/index.php\/wp-json\/wp\/v2\/media?parent=724"}],"curies":[{"name":"wp","href":"https:\/\/api.w.org\/{rel}","templated":true}]}}