{"id":869,"date":"2025-12-22T19:49:47","date_gmt":"2025-12-22T18:49:47","guid":{"rendered":"https:\/\/animaction.club\/?page_id=869"},"modified":"2026-01-24T18:17:45","modified_gmt":"2026-01-24T17:17:45","slug":"mentions-legales-2","status":"publish","type":"page","link":"https:\/\/animaction.club\/index.php\/mentions-legales-2\/","title":{"rendered":"Mentions l\u00e9gales"},"content":{"rendered":"\n<p><strong>\u00c9diteur du site<\/strong><br>Le pr\u00e9sent site internet \u00ab\u00a0https:\/\/animaction.club\u00a0\u00bb est \u00e9dit\u00e9 par Anim&rsquo;action, une personne morale (association).<br>Anim&rsquo;action est propri\u00e9taire du site internet \u00ab\u00a0https:\/\/animaction.club\u00a0\u00bb.<br>Adresse : 2, rue Pasteur Roehrich 76500 Elbeuf.<br>Adresse e-mail : animaction76@gmail.com.<br>T\u00e9l\u00e9phone : 02 76 68 31 31.<br>SIREN : 513878108.<br>Le responsable de la publication du site est HENNION Fran\u00e7ois en qualit\u00e9 de pr\u00e9sident de l&rsquo;association.<\/p>\n\n\n\n<p><strong>H\u00e9bergement du site<\/strong><br>Le site est h\u00e9berg\u00e9 par OVH. Adresse : 2, rue Kellermann 59100 Roubaix. T\u00e9l\u00e9phone : 1007. Site internet :<br>https:\/\/www.ovhcloud.com.<\/p>\n\n\n\n<p><strong>Propri\u00e9t\u00e9 intellectuelle<\/strong><br>L&rsquo;ensemble des contenus pr\u00e9sents sur le site \u00ab\u00a0https:\/\/animaction.club\u00a0\u00bb (textes, images, graphismes, logos,<br>vid\u00e9os, ic\u00f4nes, sons, logiciels, etc.) sont, sauf mention contraire, la propri\u00e9t\u00e9 exclusive de Anim&rsquo;action ou de<br>ses partenaires et sont prot\u00e9g\u00e9s par le droit d&rsquo;auteur et plus largement par les dispositions relatives \u00e0 la<br>propri\u00e9t\u00e9 intellectuelle en vigueur en France.<br>Toute reproduction, repr\u00e9sentation, modification, publication, adaptation de tout ou partie des \u00e9l\u00e9ments du site,<br>sur quelque support ou proc\u00e9d\u00e9 que ce soit, est interdite sans l&rsquo;autorisation \u00e9crite pr\u00e9alable de Anim&rsquo;action.<\/p>\n\n\n\n<p><strong>Conception et maintenance du site<\/strong><br>Le site internet a \u00e9t\u00e9 r\u00e9alis\u00e9 par ROBERT Michel.<br>Le responsable du suivi technique (Webmaster) est ROBERT Michel. Vous pouvez le contacter pour signaler<br>une erreur ou un bug \u00e0 l&rsquo;adresse : animaction76@gmail.com.<\/p>\n\n\n\n<p><strong>Description des services fournis<\/strong><br>Le site \u00ab\u00a0https:\/\/animaction.club\u00a0\u00bb a pour objet de fournir des informations concernant les activit\u00e9s de<br>Anim&rsquo;action. Les informations indiqu\u00e9es sur le site sont donn\u00e9es \u00e0 titre indicatif et sont susceptibles d&rsquo;\u00e9voluer.<br>Anim&rsquo;action s&rsquo;efforce de fournir des informations aussi pr\u00e9cises que possible mais ne pourra \u00eatre tenue<br>responsable des oublis, inexactitudes ou carences dans la mise \u00e0 jour.<\/p>\n\n\n\n<p><strong>Limitation de responsabilit\u00e9<\/strong><br>Anim&rsquo;action ne pourra \u00eatre tenue responsable des dommages directs et indirects caus\u00e9s au mat\u00e9riel de<br>l&rsquo;utilisateur lors de l&rsquo;acc\u00e8s au site \u00ab\u00a0https:\/\/animaction.club\u00a0\u00bb, et r\u00e9sultant soit de l&rsquo;utilisation d&rsquo;un mat\u00e9riel ne<br>r\u00e9pondant pas aux sp\u00e9cifications indiqu\u00e9es, soit de l&rsquo;apparition d&rsquo;un bug ou d&rsquo;une incompatibilit\u00e9.<br>L&rsquo;utilisateur s&rsquo;engage \u00e0 acc\u00e9der au site en utilisant un mat\u00e9riel r\u00e9cent, ne contenant pas de virus et avec un<br>navigateur de derni\u00e8re g\u00e9n\u00e9ration mis \u00e0 jour.<\/p>\n\n\n\n<p><strong>Donn\u00e9es personnelles<\/strong><br>Des donn\u00e9es personnelles peuvent \u00eatre collect\u00e9es via les formulaires pr\u00e9sents sur le site (par exemple : nom,<br>pr\u00e9nom, adresse e-mail, t\u00e9l\u00e9phone).<br>Les donn\u00e9es sont conserv\u00e9es pour la dur\u00e9e strictement n\u00e9cessaire \u00e0 la gestion de la relation avec l&rsquo;utilisateur<br>et conform\u00e9ment aux d\u00e9lais l\u00e9gaux applicables.<br>Pour toute question relative \u00e0 la protection de vos donn\u00e9es, ou pour exercer vos droits (acc\u00e8s, rectification,<br>opposition, limitation, effacement, portabilit\u00e9), vous pouvez \u00e9crire \u00e0 l&rsquo;adresse suivante :<br>animaction76@gmail.com.<br>Conform\u00e9ment au R\u00e8glement G\u00e9n\u00e9ral sur la Protection des Donn\u00e9es (RGPD) et \u00e0 la loi Informatique et<br>Libert\u00e9s modifi\u00e9e, vous disposez d&rsquo;un droit d&rsquo;acc\u00e8s, de rectification, d&rsquo;opposition, de limitation, d&rsquo;effacement et<br>de portabilit\u00e9 de vos donn\u00e9es personnelles, dans les conditions pr\u00e9vues par les textes en vigueur.<\/p>\n\n\n\n<p><strong>Cookies<\/strong><br>Le site \u00ab\u00a0https:\/\/animaction.club\u00a0\u00bb peut \u00eatre amen\u00e9 \u00e0 d\u00e9poser des cookies sur le terminal de l&rsquo;utilisateur afin<br>d&rsquo;assurer son bon fonctionnement, de mesurer l&rsquo;audience ou d&rsquo;am\u00e9liorer l&rsquo;exp\u00e9rience de navigation. Lors de<br>votre premi\u00e8re visite sur le site, un bandeau d&rsquo;information vous permet d&rsquo;accepter, de refuser ou de<br>personnaliser le d\u00e9p\u00f4t de ces cookies. Vous pouvez \u00e0 tout moment modifier vos pr\u00e9f\u00e9rences via les<br>param\u00e8tres de votre navigateur ou le module de gestion des cookies propos\u00e9 sur le site, le cas \u00e9ch\u00e9ant.<\/p>\n\n\n\n<p><strong>Liens hypertextes<\/strong><br>Le site peut contenir des liens hypertextes vers d&rsquo;autres sites internet. Anim&rsquo;action ne dispose d&rsquo;aucun moyen<br>de contr\u00f4le sur ces sites et ne saurait \u00eatre tenue responsable de leur contenu ou de tout dommage pouvant<br>r\u00e9sulter de leur consultation.<\/p>\n\n\n\n<p><strong>Droit applicable et attribution de juridiction<\/strong><br>Tout litige en relation avec l&rsquo;utilisation du site \u00ab\u00a0https:\/\/animaction.club\u00a0\u00bb est soumis au droit fran\u00e7ais. En cas de<br>litige et \u00e0 d\u00e9faut de solution amiable, comp\u00e9tence exclusive est attribu\u00e9e aux tribunaux fran\u00e7ais comp\u00e9tents.<br><\/p>\n","protected":false},"excerpt":{"rendered":"<p>\u00c9diteur du siteLe pr\u00e9sent site internet \u00ab\u00a0https:\/\/animaction.club\u00a0\u00bb est \u00e9dit\u00e9 par Anim&rsquo;action, une personne morale (association).Anim&rsquo;action est propri\u00e9taire du site internet \u00ab\u00a0https:\/\/animaction.club\u00a0\u00bb.Adresse : 2, rue Pasteur Roehrich 76500 Elbeuf.Adresse e-mail : animaction76@gmail.com.T\u00e9l\u00e9phone : 02 76 68 31 31.SIREN : 513878108.Le responsable de la publication du site est HENNION Fran\u00e7ois en qualit\u00e9 de pr\u00e9sident de l&rsquo;association. H\u00e9bergement [&hellip;]<\/p>\n","protected":false},"author":1,"featured_media":0,"parent":0,"menu_order":0,"comment_status":"closed","ping_status":"closed","template":"","meta":{"ocean_post_layout":"","ocean_both_sidebars_style":"","ocean_both_sidebars_content_width":0,"ocean_both_sidebars_sidebars_width":0,"ocean_sidebar":"","ocean_second_sidebar":"","ocean_disable_margins":"enable","ocean_add_body_class":"","ocean_shortcode_before_top_bar":"","ocean_shortcode_after_top_bar":"","ocean_shortcode_before_header":"","ocean_shortcode_after_header":"","ocean_has_shortcode":"","ocean_shortcode_after_title":"","ocean_shortcode_before_footer_widgets":"","ocean_shortcode_after_footer_widgets":"","ocean_shortcode_before_footer_bottom":"","ocean_shortcode_after_footer_bottom":"","ocean_display_top_bar":"default","ocean_display_header":"default","ocean_header_style":"","ocean_center_header_left_menu":"","ocean_custom_header_template":"","ocean_custom_logo":0,"ocean_custom_retina_logo":0,"ocean_custom_logo_max_width":0,"ocean_custom_logo_tablet_max_width":0,"ocean_custom_logo_mobile_max_width":0,"ocean_custom_logo_max_height":0,"ocean_custom_logo_tablet_max_height":0,"ocean_custom_logo_mobile_max_height":0,"ocean_header_custom_menu":"","ocean_menu_typo_font_family":"","ocean_menu_typo_font_subset":"","ocean_menu_typo_font_size":0,"ocean_menu_typo_font_size_tablet":0,"ocean_menu_typo_font_size_mobile":0,"ocean_menu_typo_font_size_unit":"px","ocean_menu_typo_font_weight":"","ocean_menu_typo_font_weight_tablet":"","ocean_menu_typo_font_weight_mobile":"","ocean_menu_typo_transform":"","ocean_menu_typo_transform_tablet":"","ocean_menu_typo_transform_mobile":"","ocean_menu_typo_line_height":0,"ocean_menu_typo_line_height_tablet":0,"ocean_menu_typo_line_height_mobile":0,"ocean_menu_typo_line_height_unit":"","ocean_menu_typo_spacing":0,"ocean_menu_typo_spacing_tablet":0,"ocean_menu_typo_spacing_mobile":0,"ocean_menu_typo_spacing_unit":"","ocean_menu_link_color":"","ocean_menu_link_color_hover":"","ocean_menu_link_color_active":"","ocean_menu_link_background":"","ocean_menu_link_hover_background":"","ocean_menu_link_active_background":"","ocean_menu_social_links_bg":"","ocean_menu_social_hover_links_bg":"","ocean_menu_social_links_color":"","ocean_menu_social_hover_links_color":"","ocean_disable_title":"default","ocean_disable_heading":"default","ocean_post_title":"","ocean_post_subheading":"","ocean_post_title_style":"","ocean_post_title_background_color":"","ocean_post_title_background":0,"ocean_post_title_bg_image_position":"","ocean_post_title_bg_image_attachment":"","ocean_post_title_bg_image_repeat":"","ocean_post_title_bg_image_size":"","ocean_post_title_height":0,"ocean_post_title_bg_overlay":0.5,"ocean_post_title_bg_overlay_color":"","ocean_disable_breadcrumbs":"default","ocean_breadcrumbs_color":"","ocean_breadcrumbs_separator_color":"","ocean_breadcrumbs_links_color":"","ocean_breadcrumbs_links_hover_color":"","ocean_display_footer_widgets":"on","ocean_display_footer_bottom":"default","ocean_custom_footer_template":"","footnotes":""},"class_list":["post-869","page","type-page","status-publish","hentry","entry"],"_links":{"self":[{"href":"https:\/\/animaction.club\/index.php\/wp-json\/wp\/v2\/pages\/869","targetHints":{"allow":["GET"]}}],"collection":[{"href":"https:\/\/animaction.club\/index.php\/wp-json\/wp\/v2\/pages"}],"about":[{"href":"https:\/\/animaction.club\/index.php\/wp-json\/wp\/v2\/types\/page"}],"author":[{"embeddable":true,"href":"https:\/\/animaction.club\/index.php\/wp-json\/wp\/v2\/users\/1"}],"replies":[{"embeddable":true,"href":"https:\/\/animaction.club\/index.php\/wp-json\/wp\/v2\/comments?post=869"}],"version-history":[{"count":17,"href":"https:\/\/animaction.club\/index.php\/wp-json\/wp\/v2\/pages\/869\/revisions"}],"predecessor-version":[{"id":1139,"href":"https:\/\/animaction.club\/index.php\/wp-json\/wp\/v2\/pages\/869\/revisions\/1139"}],"wp:attachment":[{"href":"https:\/\/animaction.club\/index.php\/wp-json\/wp\/v2\/media?parent=869"}],"curies":[{"name":"wp","href":"https:\/\/api.w.org\/{rel}","templated":true}]}}